{"id":12480,"date":"2025-03-26T06:12:06","date_gmt":"2025-03-26T06:12:06","guid":{"rendered":"https:\/\/www.gardenpreview.eu\/inscription-des-visiteurs\/"},"modified":"2026-03-11T05:59:53","modified_gmt":"2026-03-11T05:59:53","slug":"inscription-des-visiteurs","status":"publish","type":"page","link":"https:\/\/www.gardenpreview.eu\/fr\/inscription-des-visiteurs\/","title":{"rendered":"Inscription des visiteurs"},"content":{"rendered":"<p>[et_pb_section fb_built=\u00a0\u00bb1&Prime; _builder_version=\u00a0\u00bb4.27.4&Prime; _module_preset=\u00a0\u00bbdefault\u00a0\u00bb global_colors_info=\u00a0\u00bb{}\u00a0\u00bb][et_pb_row _builder_version=\u00a0\u00bb4.27.4&Prime; _module_preset=\u00a0\u00bbdefault\u00a0\u00bb custom_margin=\u00a0\u00bb||-200px||false|false\u00a0\u00bb custom_margin_tablet=\u00a0\u00bb||-100px||false|false\u00a0\u00bb custom_margin_phone=\u00a0\u00bb||-50px||false|false\u00a0\u00bb custom_margin_last_edited=\u00a0\u00bbon|phone\u00a0\u00bb custom_padding=\u00a0\u00bb||0px|||\u00a0\u00bb global_colors_info=\u00a0\u00bb{}\u00a0\u00bb][et_pb_column type=\u00a0\u00bb4_4&Prime; _builder_version=\u00a0\u00bb4.27.4&Prime; _module_preset=\u00a0\u00bbdefault\u00a0\u00bb global_colors_info=\u00a0\u00bb{}\u00a0\u00bb][et_pb_text _builder_version=\u00a0\u00bb4.27.5&Prime; _module_preset=\u00a0\u00bbdefault\u00a0\u00bb text_text_color=\u00a0\u00bb#4E4E6E\u00a0\u00bb header_font=\u00a0\u00bbAdvent Pro||||||||\u00a0\u00bb header_text_color=\u00a0\u00bb#4E4E6E\u00a0\u00bb header_2_font=\u00a0\u00bb|600|||||||\u00a0\u00bb header_2_text_color=\u00a0\u00bb#4E4E6E\u00a0\u00bb header_2_font_size=\u00a0\u00bb23px\u00a0\u00bb custom_margin=\u00a0\u00bb||7px|||\u00a0\u00bb hover_enabled=\u00a0\u00bb0&Prime; global_colors_info=\u00a0\u00bb{}\u00a0\u00bb sticky_enabled=\u00a0\u00bb0&Prime;]<\/p>\n<div class=\"et_pb_module et_pb_text et_pb_text_0 et_pb_text_align_left et_pb_bg_layout_light\">\n<div class=\"et_pb_text_inner\">\n<h2>Inscrivez-vous gratuitement \u00e0 la Garden Preview 2026 !<\/h2>\n<\/div>\n<\/div>\n<div class=\"et_pb_module et_pb_text et_pb_text_1 et_pb_text_align_left et_pb_bg_layout_light\">\n<div class=\"et_pb_text_inner\">\n<blockquote>\n<p class=\"\" data-start=\"65\" data-end=\"241\">Vous \u00eates actif dans le monde de l&rsquo;am\u00e9nagement ext\u00e9rieur ? D\u00e9couvrez les meilleurs fournisseurs, les derni\u00e8res tendances et les innovations r\u00e9volutionnaires lors du salon professionnel. <\/p>\n<\/blockquote>\n<\/div>\n<\/div>\n<p>[\/et_pb_text][\/et_pb_column][\/et_pb_row][et_pb_row column_structure=\u00a0\u00bb1_2,1_2&Prime; _builder_version=\u00a0\u00bb4.27.4&Prime; _module_preset=\u00a0\u00bbdefault\u00a0\u00bb custom_margin=\u00a0\u00bb||||false|false\u00a0\u00bb global_colors_info=\u00a0\u00bb{}\u00a0\u00bb][et_pb_column type=\u00a0\u00bb1_2&Prime; _builder_version=\u00a0\u00bb4.27.4&Prime; _module_preset=\u00a0\u00bbdefault\u00a0\u00bb global_colors_info=\u00a0\u00bb{}\u00a0\u00bb][et_pb_code _builder_version=\u00a0\u00bb4.27.5&Prime; _module_preset=\u00a0\u00bbdefault\u00a0\u00bb custom_margin=\u00a0\u00bb-30px||||false|false\u00a0\u00bb global_colors_info=\u00a0\u00bb{}\u00a0\u00bb]<!-- [et_pb_line_break_holder] -->    <meta charset=\"UTF-8\"><!-- [et_pb_line_break_holder] -->    <meta name=\"viewport\" content=\"width=device-width, initial-scale=1.0\"><!-- [et_pb_line_break_holder] -->    <title>iFrame r\u00e9actif<\/title><!-- [et_pb_line_break_holder] -->    <\/pee><!-- [et_pb_line_break_holder] --><\/p>\n<style><!-- [et_pb_line_break_holder] -->        .iframe-container {<!-- [et_pb_line_break_holder] -->            position: relative;<!-- [et_pb_line_break_holder] -->            width: 100%;<!-- [et_pb_line_break_holder] -->            height: 1200px;<!-- [et_pb_line_break_holder] -->        }<!-- [et_pb_line_break_holder] --><!-- [et_pb_line_break_holder] -->        .iframe-container iframe {<!-- [et_pb_line_break_holder] -->            position: absolute;<!-- [et_pb_line_break_holder] -->            top: 0;<!-- [et_pb_line_break_holder] -->            left: 0;<!-- [et_pb_line_break_holder] -->            width: 100%;<!-- [et_pb_line_break_holder] -->            height: 1600px;<!-- [et_pb_line_break_holder] -->            border: none;<!-- [et_pb_line_break_holder] -->        }<!-- [et_pb_line_break_holder] -->    <\/style>\n<p><!-- [et_pb_line_break_holder] --><pee><!-- [et_pb_line_break_holder] --><!-- [et_pb_line_break_holder] --><!-- [et_pb_line_break_holder] --><!-- [et_pb_line_break_holder] -->    <\/pee><!-- [et_pb_line_break_holder] --><\/p>\n<div class=\"iframe-container\"><!-- [et_pb_line_break_holder] -->        <iframe src=\"https:\/\/p.easydus.com\/project\/472cba4f-df15-42f1-95d8-60701ee04d9b\/form\/1?sig=fea53c4fa288f8689a1c1e86b74dce862eae5be9665cf7e476619fb5adb9fb1e\" allowfullscreen=\"\"><\/iframe><!-- [et_pb_line_break_holder] -->    <\/div>\n<p><!-- [et_pb_line_break_holder] --><pee><!-- [et_pb_line_break_holder] --><!-- [et_pb_line_break_holder] --><!-- [et_pb_line_break_holder] --><!-- [et_pb_line_break_holder] -->[\/et_pb_code][et_pb_divider show_divider=\u00a0\u00bboff\u00a0\u00bb _builder_version=\u00a0\u00bb4.27.4&Prime; _module_preset=\u00a0\u00bbdefault\u00a0\u00bb global_colors_info=\u00a0\u00bb{}\u00a0\u00bb][\/et_pb_divider][\/et_pb_column][et_pb_column type=\u00a0\u00bb1_2&Prime; _builder_version=\u00a0\u00bb4.27.4&Prime; _module_preset=\u00a0\u00bbdefault\u00a0\u00bb global_colors_info=\u00a0\u00bb{}\u00a0\u00bb][et_pb_image src=\u00a0\u00bbhttps:\/\/www.gardenpreview.eu\/wp-content\/uploads\/2025\/11\/ga26.png\u00a0\u00bb title_text=\u00a0\u00bbga26&Prime; _builder_version=\u00a0\u00bb4.27.5&Prime; _module_preset=\u00a0\u00bbdefault\u00a0\u00bb width=\u00a0\u00bb52%\u00a0\u00bb module_alignment=\u00a0\u00bbcenter\u00a0\u00bb custom_margin=\u00a0\u00bb40px|||||\u00a0\u00bb custom_padding=\u00a0\u00bb18px|||||\u00a0\u00bb hover_enabled=\u00a0\u00bb0&Prime; global_colors_info=\u00a0\u00bb{}\u00a0\u00bb sticky_enabled=\u00a0\u00bb0&Prime;][\/et_pb_image][\/et_pb_column][\/et_pb_row][\/et_pb_section]<\/p>\n","protected":false},"excerpt":{"rendered":"<p>Inscrivez-vous gratuitement \u00e0 la Garden Preview 2026 ! Vous \u00eates actif dans le monde de l&rsquo;am\u00e9nagement ext\u00e9rieur ? D\u00e9couvrez les meilleurs fournisseurs, les derni\u00e8res tendances et les innovations r\u00e9volutionnaires lors du salon professionnel.<\/p>\n","protected":false},"author":1,"featured_media":0,"parent":0,"menu_order":0,"comment_status":"closed","ping_status":"closed","template":"","meta":{"_acf_changed":false,"_et_pb_use_builder":"on","_et_pb_old_content":"","_et_gb_content_width":"","inline_featured_image":false,"footnotes":""},"class_list":["post-12480","page","type-page","status-publish","hentry"],"acf":[],"yoast_head":"<!-- This site is optimized with the Yoast SEO plugin v27.1.1 - https:\/\/yoast.com\/product\/yoast-seo-wordpress\/ -->\n<title>Inscription des visiteurs - Garden Preview 2025 | Foire de l\u2019am\u00e9nagement ext\u00e9rieur<\/title>\n<meta name=\"robots\" content=\"index, follow, max-snippet:-1, max-image-preview:large, max-video-preview:-1\" \/>\n<link rel=\"canonical\" href=\"https:\/\/www.gardenpreview.eu\/fr\/inscription-des-visiteurs\/\" \/>\n<meta property=\"og:locale\" content=\"fr_FR\" \/>\n<meta property=\"og:type\" content=\"article\" \/>\n<meta property=\"og:title\" content=\"Inscription des visiteurs - Garden Preview 2025 | Foire de l\u2019am\u00e9nagement ext\u00e9rieur\" \/>\n<meta property=\"og:description\" content=\"Inscrivez-vous gratuitement \u00e0 la Garden Preview 2026 ! Vous \u00eates actif dans le monde de l&#039;am\u00e9nagement ext\u00e9rieur ? D\u00e9couvrez les meilleurs fournisseurs, les derni\u00e8res tendances et les innovations r\u00e9volutionnaires lors du salon professionnel.\" \/>\n<meta property=\"og:url\" content=\"https:\/\/www.gardenpreview.eu\/fr\/inscription-des-visiteurs\/\" \/>\n<meta property=\"og:site_name\" content=\"Garden Preview 2025 | Foire de l\u2019am\u00e9nagement ext\u00e9rieur\" \/>\n<meta property=\"article:modified_time\" content=\"2026-03-11T05:59:53+00:00\" \/>\n<meta name=\"twitter:card\" content=\"summary_large_image\" \/>\n<meta name=\"twitter:label1\" content=\"Dur\u00e9e de lecture estim\u00e9e\" \/>\n\t<meta name=\"twitter:data1\" content=\"1 minute\" \/>\n<script type=\"application\/ld+json\" class=\"yoast-schema-graph\">{\"@context\":\"https:\/\/schema.org\",\"@graph\":[{\"@type\":\"WebPage\",\"@id\":\"https:\/\/www.gardenpreview.eu\/fr\/inscription-des-visiteurs\/\",\"url\":\"https:\/\/www.gardenpreview.eu\/fr\/inscription-des-visiteurs\/\",\"name\":\"Inscription des visiteurs - Garden Preview 2025 | Foire de l\u2019am\u00e9nagement ext\u00e9rieur\",\"isPartOf\":{\"@id\":\"https:\/\/www.gardenpreview.eu\/fr\/#website\"},\"datePublished\":\"2025-03-26T06:12:06+00:00\",\"dateModified\":\"2026-03-11T05:59:53+00:00\",\"breadcrumb\":{\"@id\":\"https:\/\/www.gardenpreview.eu\/fr\/inscription-des-visiteurs\/#breadcrumb\"},\"inLanguage\":\"fr-FR\",\"potentialAction\":[{\"@type\":\"ReadAction\",\"target\":[\"https:\/\/www.gardenpreview.eu\/fr\/inscription-des-visiteurs\/\"]}]},{\"@type\":\"BreadcrumbList\",\"@id\":\"https:\/\/www.gardenpreview.eu\/fr\/inscription-des-visiteurs\/#breadcrumb\",\"itemListElement\":[{\"@type\":\"ListItem\",\"position\":1,\"name\":\"Accueil\",\"item\":\"https:\/\/www.gardenpreview.eu\/fr\/\"},{\"@type\":\"ListItem\",\"position\":2,\"name\":\"Inscription des visiteurs\"}]},{\"@type\":\"WebSite\",\"@id\":\"https:\/\/www.gardenpreview.eu\/fr\/#website\",\"url\":\"https:\/\/www.gardenpreview.eu\/fr\/\",\"name\":\"Garden Preview 2025 | D\u00e9 Outdoor living Fair\",\"description\":\"Ontdek d\u00e9 outdoor living vakbeurs van de Benelux\",\"potentialAction\":[{\"@type\":\"SearchAction\",\"target\":{\"@type\":\"EntryPoint\",\"urlTemplate\":\"https:\/\/www.gardenpreview.eu\/fr\/?s={search_term_string}\"},\"query-input\":{\"@type\":\"PropertyValueSpecification\",\"valueRequired\":true,\"valueName\":\"search_term_string\"}}],\"inLanguage\":\"fr-FR\"}]}<\/script>\n<!-- \/ Yoast SEO plugin. -->","yoast_head_json":{"title":"Inscription des visiteurs - Garden Preview 2025 | Foire de l\u2019am\u00e9nagement ext\u00e9rieur","robots":{"index":"index","follow":"follow","max-snippet":"max-snippet:-1","max-image-preview":"max-image-preview:large","max-video-preview":"max-video-preview:-1"},"canonical":"https:\/\/www.gardenpreview.eu\/fr\/inscription-des-visiteurs\/","og_locale":"fr_FR","og_type":"article","og_title":"Inscription des visiteurs - Garden Preview 2025 | Foire de l\u2019am\u00e9nagement ext\u00e9rieur","og_description":"Inscrivez-vous gratuitement \u00e0 la Garden Preview 2026 ! Vous \u00eates actif dans le monde de l'am\u00e9nagement ext\u00e9rieur ? D\u00e9couvrez les meilleurs fournisseurs, les derni\u00e8res tendances et les innovations r\u00e9volutionnaires lors du salon professionnel.","og_url":"https:\/\/www.gardenpreview.eu\/fr\/inscription-des-visiteurs\/","og_site_name":"Garden Preview 2025 | Foire de l\u2019am\u00e9nagement ext\u00e9rieur","article_modified_time":"2026-03-11T05:59:53+00:00","twitter_card":"summary_large_image","twitter_misc":{"Dur\u00e9e de lecture estim\u00e9e":"1 minute"},"schema":{"@context":"https:\/\/schema.org","@graph":[{"@type":"WebPage","@id":"https:\/\/www.gardenpreview.eu\/fr\/inscription-des-visiteurs\/","url":"https:\/\/www.gardenpreview.eu\/fr\/inscription-des-visiteurs\/","name":"Inscription des visiteurs - Garden Preview 2025 | Foire de l\u2019am\u00e9nagement ext\u00e9rieur","isPartOf":{"@id":"https:\/\/www.gardenpreview.eu\/fr\/#website"},"datePublished":"2025-03-26T06:12:06+00:00","dateModified":"2026-03-11T05:59:53+00:00","breadcrumb":{"@id":"https:\/\/www.gardenpreview.eu\/fr\/inscription-des-visiteurs\/#breadcrumb"},"inLanguage":"fr-FR","potentialAction":[{"@type":"ReadAction","target":["https:\/\/www.gardenpreview.eu\/fr\/inscription-des-visiteurs\/"]}]},{"@type":"BreadcrumbList","@id":"https:\/\/www.gardenpreview.eu\/fr\/inscription-des-visiteurs\/#breadcrumb","itemListElement":[{"@type":"ListItem","position":1,"name":"Accueil","item":"https:\/\/www.gardenpreview.eu\/fr\/"},{"@type":"ListItem","position":2,"name":"Inscription des visiteurs"}]},{"@type":"WebSite","@id":"https:\/\/www.gardenpreview.eu\/fr\/#website","url":"https:\/\/www.gardenpreview.eu\/fr\/","name":"Garden Preview 2025 | D\u00e9 Outdoor living Fair","description":"Ontdek d\u00e9 outdoor living vakbeurs van de Benelux","potentialAction":[{"@type":"SearchAction","target":{"@type":"EntryPoint","urlTemplate":"https:\/\/www.gardenpreview.eu\/fr\/?s={search_term_string}"},"query-input":{"@type":"PropertyValueSpecification","valueRequired":true,"valueName":"search_term_string"}}],"inLanguage":"fr-FR"}]}},"_links":{"self":[{"href":"https:\/\/www.gardenpreview.eu\/fr\/wp-json\/wp\/v2\/pages\/12480","targetHints":{"allow":["GET"]}}],"collection":[{"href":"https:\/\/www.gardenpreview.eu\/fr\/wp-json\/wp\/v2\/pages"}],"about":[{"href":"https:\/\/www.gardenpreview.eu\/fr\/wp-json\/wp\/v2\/types\/page"}],"author":[{"embeddable":true,"href":"https:\/\/www.gardenpreview.eu\/fr\/wp-json\/wp\/v2\/users\/1"}],"replies":[{"embeddable":true,"href":"https:\/\/www.gardenpreview.eu\/fr\/wp-json\/wp\/v2\/comments?post=12480"}],"version-history":[{"count":4,"href":"https:\/\/www.gardenpreview.eu\/fr\/wp-json\/wp\/v2\/pages\/12480\/revisions"}],"predecessor-version":[{"id":17543,"href":"https:\/\/www.gardenpreview.eu\/fr\/wp-json\/wp\/v2\/pages\/12480\/revisions\/17543"}],"wp:attachment":[{"href":"https:\/\/www.gardenpreview.eu\/fr\/wp-json\/wp\/v2\/media?parent=12480"}],"curies":[{"name":"wp","href":"https:\/\/api.w.org\/{rel}","templated":true}]}}